{"id":510,"date":"2022-04-28T18:31:05","date_gmt":"2022-04-28T18:31:05","guid":{"rendered":"https:\/\/lajoie.hu\/law\/?page_id=510"},"modified":"2022-04-28T19:51:32","modified_gmt":"2022-04-28T19:51:32","slug":"mit-lehet-tenni-ha-a-nav-vizsgalodik","status":"publish","type":"page","link":"https:\/\/lajoie.hu\/law\/mit-lehet-tenni-ha-a-nav-vizsgalodik\/","title":{"rendered":"Mit lehet tenni, ha a NAV vizsg\u00e1l\u00f3dik"},"content":{"rendered":"\t\t<div data-elementor-type=\"wp-page\" data-elementor-id=\"510\" class=\"elementor elementor-510\">\n\t\t\t\t\t\t\t\t\t<section class=\"elementor-section elementor-top-section elementor-element elementor-element-01064fb elementor-section-full_width elementor-section-stretched elementor-section-height-default elementor-section-height-default\" data-id=\"01064fb\" data-element_type=\"section\" data-settings=\"{&quot;background_background&quot;:&quot;classic&quot;,&quot;stretch_section&quot;:&quot;section-stretched&quot;}\">\n\t\t\t\t\t\t<div class=\"elementor-container elementor-column-gap-default\">\n\t\t\t\t\t<div class=\"elementor-column elementor-col-100 elementor-top-column elementor-element elementor-element-b51b015\" data-id=\"b51b015\" data-element_type=\"column\">\n\t\t\t<div class=\"elementor-widget-wrap elementor-element-populated\">\n\t\t\t\t\t\t\t\t<section class=\"elementor-section elementor-inner-section elementor-element elementor-element-9b49525 animated-slow elementor-section-full_width elementor-section-height-default elementor-section-height-default\" data-id=\"9b49525\" data-element_type=\"section\" data-settings=\"{&quot;animation&quot;:&quot;none&quot;}\">\n\t\t\t\t\t\t<div class=\"elementor-container elementor-column-gap-default\">\n\t\t\t\t\t<div class=\"elementor-column elementor-col-100 elementor-inner-column elementor-element elementor-element-6ea96e8\" data-id=\"6ea96e8\" data-element_type=\"column\" data-settings=\"{&quot;background_background&quot;:&quot;classic&quot;}\">\n\t\t\t<div class=\"elementor-widget-wrap elementor-element-populated\">\n\t\t\t\t\t\t\t\t<div class=\"elementor-element elementor-element-953dcac elementor-widget elementor-widget-ekit-nav-menu\" data-id=\"953dcac\" data-element_type=\"widget\" data-widget_type=\"ekit-nav-menu.default\">\n\t\t\t\t<div class=\"elementor-widget-container\">\n\t\t\t<div class=\"ekit-wid-con ekit_menu_responsive_tablet\" data-hamburger-icon=\"\" data-hamburger-icon-type=\"icon\" data-responsive-breakpoint=\"1024\">            <button class=\"elementskit-menu-hamburger elementskit-menu-toggler\">\n                                    <span class=\"elementskit-menu-hamburger-icon\"><\/span><span class=\"elementskit-menu-hamburger-icon\"><\/span><span class=\"elementskit-menu-hamburger-icon\"><\/span>\n                            <\/button>\n            <div id=\"ekit-megamenu-cikkek\" class=\"elementskit-menu-container elementskit-menu-offcanvas-elements elementskit-navbar-nav-default elementskit_line_arrow ekit-nav-menu-one-page-no ekit-nav-dropdown-hover\"><ul id=\"menu-cikkek\" class=\"elementskit-navbar-nav elementskit-menu-po-center submenu-click-on-icon\"><li id=\"menu-item-555\" class=\"menu-item menu-item-type-post_type menu-item-object-page menu-item-555 nav-item elementskit-mobile-builder-content\" data-vertical-menu=750px><a href=\"https:\/\/lajoie.hu\/law\/mit-lehet-tenni-ha-a-nav-vizsgalodik\/\" class=\"ekit-menu-nav-link\">Mit lehet tenni, ha a NAV vizsg\u00e1l\u00f3dik<\/a><\/li>\n<li id=\"menu-item-554\" class=\"menu-item menu-item-type-post_type menu-item-object-page menu-item-554 nav-item elementskit-mobile-builder-content\" data-vertical-menu=750px><a href=\"https:\/\/lajoie.hu\/law\/mi-tortenik-ha-szabalysertesi-eljaras-reszese-lesz\/\" class=\"ekit-menu-nav-link\">Mi t\u00f6rt\u00e9nik, ha szab\u00e1lys\u00e9rt\u00e9si elj\u00e1r\u00e1s r\u00e9szese lesz<\/a><\/li>\n<li id=\"menu-item-553\" class=\"menu-item menu-item-type-post_type menu-item-object-page menu-item-553 nav-item elementskit-mobile-builder-content\" data-vertical-menu=750px><a href=\"https:\/\/lajoie.hu\/law\/az-uj-epitesu-ingatlanokkal-kapcsolatban-felmerulo-kivitelezesi-hibak-jogkovetkezmenyeirol\/\" class=\"ekit-menu-nav-link\">\u00daj \u00e9p\u00edt\u00e9s\u0171 ingatlanok kivitelez\u00e9si hib\u00e1inak jogk\u00f6vetkezm\u00e9nyeir\u0151l<\/a><\/li>\n<\/ul>\n\t\t\t\t<div class=\"elementskit-nav-identity-panel\">\n\t\t\t\t\t<div class=\"elementskit-site-title\">\n\t\t\t\t\t\t<a class=\"elementskit-nav-logo\" href=\"https:\/\/lajoie.hu\/law\" target=\"_self\" rel=\"\">\n                            <img decoding=\"async\" src=\"\" title=\"\" alt=\"\" \/>\n\t\t\t\t\t\t<\/a> \n\t\t\t\t\t<\/div>\n\t\t\t\t\t<button class=\"elementskit-menu-close elementskit-menu-toggler\" type=\"button\">X<\/button>\n\t\t\t\t<\/div>\n\t\t\t<\/div><div class=\"elementskit-menu-overlay elementskit-menu-offcanvas-elements elementskit-menu-toggler ekit-nav-menu--overlay\"><\/div><\/div>\t\t<\/div>\n\t\t\t\t<\/div>\n\t\t\t\t\t<\/div>\n\t\t<\/div>\n\t\t\t\t\t\t\t<\/div>\n\t\t<\/section>\n\t\t\t\t<section class=\"elementor-section elementor-inner-section elementor-element elementor-element-55596d5 animated-slow elementor-section-full_width elementor-section-height-default elementor-section-height-default\" data-id=\"55596d5\" data-element_type=\"section\" data-settings=\"{&quot;animation&quot;:&quot;none&quot;}\">\n\t\t\t\t\t\t<div class=\"elementor-container elementor-column-gap-default\">\n\t\t\t\t\t<div class=\"elementor-column elementor-col-100 elementor-inner-column elementor-element elementor-element-a945fcd\" data-id=\"a945fcd\" data-element_type=\"column\" data-settings=\"{&quot;background_background&quot;:&quot;classic&quot;}\">\n\t\t\t<div class=\"elementor-widget-wrap elementor-element-populated\">\n\t\t\t\t\t\t\t\t<div class=\"elementor-element elementor-element-56e0b55 elementor-widget elementor-widget-ekit-nav-menu\" data-id=\"56e0b55\" data-element_type=\"widget\" data-widget_type=\"ekit-nav-menu.default\">\n\t\t\t\t<div class=\"elementor-widget-container\">\n\t\t\t<div class=\"ekit-wid-con ekit_menu_responsive_tablet\" data-hamburger-icon=\"\" data-hamburger-icon-type=\"icon\" data-responsive-breakpoint=\"1024\">            <button class=\"elementskit-menu-hamburger elementskit-menu-toggler\">\n                                    <span class=\"elementskit-menu-hamburger-icon\"><\/span><span class=\"elementskit-menu-hamburger-icon\"><\/span><span class=\"elementskit-menu-hamburger-icon\"><\/span>\n                            <\/button>\n            <div id=\"ekit-megamenu-cikkek-2\" class=\"elementskit-menu-container elementskit-menu-offcanvas-elements elementskit-navbar-nav-default elementskit_line_arrow ekit-nav-menu-one-page-no ekit-nav-dropdown-hover\"><ul id=\"menu-cikkek-2\" class=\"elementskit-navbar-nav elementskit-menu-po-center submenu-click-on-icon\"><li id=\"menu-item-591\" class=\"menu-item menu-item-type-post_type menu-item-object-page menu-item-591 nav-item elementskit-mobile-builder-content\" data-vertical-menu=750px><a href=\"https:\/\/lajoie.hu\/law\/lakohaz-epitesere-alkalmas-telektulajdon-utani-illetekkedvezmeny\/\" class=\"ekit-menu-nav-link\">Lak\u00f3h\u00e1z \u00e9p\u00edt\u00e9s\u00e9re alkalmas telektulajdon ut\u00e1ni illet\u00e9kkedvezm\u00e9ny<\/a><\/li>\n<li id=\"menu-item-634\" class=\"menu-item menu-item-type-post_type menu-item-object-page menu-item-634 nav-item elementskit-mobile-builder-content\" data-vertical-menu=750px><a href=\"https:\/\/lajoie.hu\/law\/ha-fizet-a-biztosito-de-keveset\/\" class=\"ekit-menu-nav-link\">Ha fizet a biztos\u00edt\u00f3, de keveset<\/a><\/li>\n<\/ul>\n\t\t\t\t<div class=\"elementskit-nav-identity-panel\">\n\t\t\t\t\t<div class=\"elementskit-site-title\">\n\t\t\t\t\t\t<a class=\"elementskit-nav-logo\" href=\"https:\/\/lajoie.hu\/law\" target=\"_self\" rel=\"\">\n                            <img decoding=\"async\" src=\"\" title=\"\" alt=\"\" \/>\n\t\t\t\t\t\t<\/a> \n\t\t\t\t\t<\/div>\n\t\t\t\t\t<button class=\"elementskit-menu-close elementskit-menu-toggler\" type=\"button\">X<\/button>\n\t\t\t\t<\/div>\n\t\t\t<\/div><div class=\"elementskit-menu-overlay elementskit-menu-offcanvas-elements elementskit-menu-toggler ekit-nav-menu--overlay\"><\/div><\/div>\t\t<\/div>\n\t\t\t\t<\/div>\n\t\t\t\t\t<\/div>\n\t\t<\/div>\n\t\t\t\t\t\t\t<\/div>\n\t\t<\/section>\n\t\t\t\t\t<\/div>\n\t\t<\/div>\n\t\t\t\t\t\t\t<\/div>\n\t\t<\/section>\n\t\t\t\t<section class=\"elementor-section elementor-top-section elementor-element elementor-element-e5eb1a7 elementor-section-boxed elementor-section-height-default elementor-section-height-default\" data-id=\"e5eb1a7\" data-element_type=\"section\">\n\t\t\t\t\t\t<div class=\"elementor-container elementor-column-gap-default\">\n\t\t\t\t\t<div class=\"elementor-column elementor-col-100 elementor-top-column elementor-element elementor-element-6bcb391\" data-id=\"6bcb391\" data-element_type=\"column\">\n\t\t\t<div class=\"elementor-widget-wrap elementor-element-populated\">\n\t\t\t\t\t\t\t\t<div class=\"elementor-element elementor-element-5b32dff elementor-widget elementor-widget-heading\" data-id=\"5b32dff\" data-element_type=\"widget\" data-widget_type=\"heading.default\">\n\t\t\t\t<div class=\"elementor-widget-container\">\n\t\t\t<style>\/*! elementor - v3.6.2 - 04-04-2022 *\/\n.elementor-heading-title{padding:0;margin:0;line-height:1}.elementor-widget-heading .elementor-heading-title[class*=elementor-size-]>a{color:inherit;font-size:inherit;line-height:inherit}.elementor-widget-heading .elementor-heading-title.elementor-size-small{font-size:15px}.elementor-widget-heading .elementor-heading-title.elementor-size-medium{font-size:19px}.elementor-widget-heading .elementor-heading-title.elementor-size-large{font-size:29px}.elementor-widget-heading .elementor-heading-title.elementor-size-xl{font-size:39px}.elementor-widget-heading .elementor-heading-title.elementor-size-xxl{font-size:59px}<\/style><h2 class=\"elementor-heading-title elementor-size-default\">Mit lehet tenni, ha a NAV vizsg\u00e1l\u00f3dik<\/h2>\t\t<\/div>\n\t\t\t\t<\/div>\n\t\t\t\t<div class=\"elementor-element elementor-element-16c8157 elementor-widget-divider--view-line_text elementor-widget-divider--element-align-center elementor-widget elementor-widget-divider\" data-id=\"16c8157\" data-element_type=\"widget\" data-widget_type=\"divider.default\">\n\t\t\t\t<div class=\"elementor-widget-container\">\n\t\t\t<style>\/*! elementor - v3.6.2 - 04-04-2022 *\/\n.elementor-widget-divider{--divider-border-style:none;--divider-border-width:1px;--divider-color:#2c2c2c;--divider-icon-size:20px;--divider-element-spacing:10px;--divider-pattern-height:24px;--divider-pattern-size:20px;--divider-pattern-url:none;--divider-pattern-repeat:repeat-x}.elementor-widget-divider .elementor-divider{display:-webkit-box;display:-ms-flexbox;display:flex}.elementor-widget-divider .elementor-divider__text{font-size:15px;line-height:1;max-width:95%}.elementor-widget-divider .elementor-divider__element{margin:0 var(--divider-element-spacing);-ms-flex-negative:0;flex-shrink:0}.elementor-widget-divider .elementor-icon{font-size:var(--divider-icon-size)}.elementor-widget-divider .elementor-divider-separator{display:-webkit-box;display:-ms-flexbox;display:flex;margin:0;direction:ltr}.elementor-widget-divider--view-line_icon .elementor-divider-separator,.elementor-widget-divider--view-line_text .elementor-divider-separator{-webkit-box-align:center;-ms-flex-align:center;align-items:center}.elementor-widget-divider--view-line_icon .elementor-divider-separator:after,.elementor-widget-divider--view-line_icon .elementor-divider-separator:before,.elementor-widget-divider--view-line_text .elementor-divider-separator:after,.elementor-widget-divider--view-line_text .elementor-divider-separator:before{display:block;content:\"\";border-bottom:0;-webkit-box-flex:1;-ms-flex-positive:1;flex-grow:1;border-top:var(--divider-border-width) var(--divider-border-style) var(--divider-color)}.elementor-widget-divider--element-align-left .elementor-divider .elementor-divider-separator>.elementor-divider__svg:first-of-type{-webkit-box-flex:0;-ms-flex-positive:0;flex-grow:0;-ms-flex-negative:100;flex-shrink:100}.elementor-widget-divider--element-align-left .elementor-divider-separator:before{content:none}.elementor-widget-divider--element-align-left .elementor-divider__element{margin-left:0}.elementor-widget-divider--element-align-right .elementor-divider .elementor-divider-separator>.elementor-divider__svg:last-of-type{-webkit-box-flex:0;-ms-flex-positive:0;flex-grow:0;-ms-flex-negative:100;flex-shrink:100}.elementor-widget-divider--element-align-right .elementor-divider-separator:after{content:none}.elementor-widget-divider--element-align-right .elementor-divider__element{margin-right:0}.elementor-widget-divider:not(.elementor-widget-divider--view-line_text):not(.elementor-widget-divider--view-line_icon) .elementor-divider-separator{border-top:var(--divider-border-width) var(--divider-border-style) var(--divider-color)}.elementor-widget-divider--separator-type-pattern{--divider-border-style:none}.elementor-widget-divider--separator-type-pattern.elementor-widget-divider--view-line .elementor-divider-separator,.elementor-widget-divider--separator-type-pattern:not(.elementor-widget-divider--view-line) .elementor-divider-separator:after,.elementor-widget-divider--separator-type-pattern:not(.elementor-widget-divider--view-line) .elementor-divider-separator:before,.elementor-widget-divider--separator-type-pattern:not([class*=elementor-widget-divider--view]) .elementor-divider-separator{width:100%;min-height:var(--divider-pattern-height);-webkit-mask-size:var(--divider-pattern-size) 100%;mask-size:var(--divider-pattern-size) 100%;-webkit-mask-repeat:var(--divider-pattern-repeat);mask-repeat:var(--divider-pattern-repeat);background-color:var(--divider-color);-webkit-mask-image:var(--divider-pattern-url);mask-image:var(--divider-pattern-url)}.elementor-widget-divider--no-spacing{--divider-pattern-size:auto}.elementor-widget-divider--bg-round{--divider-pattern-repeat:round}.rtl .elementor-widget-divider .elementor-divider__text{direction:rtl}<\/style>\t\t<div class=\"elementor-divider\">\n\t\t\t<span class=\"elementor-divider-separator\">\n\t\t\t\t\t\t\t<span class=\"elementor-divider__text elementor-divider__element\">\n\t\t\t\tJogorvoslatok, ad\u00f3m\u00e9rs\u00e9kl\u00e9s, jogok \u00e9s k\u00f6telezetts\u00e9gek\t\t\t\t<\/span>\n\t\t\t\t\t\t<\/span>\n\t\t<\/div>\n\t\t\t\t<\/div>\n\t\t\t\t<\/div>\n\t\t\t\t\t<\/div>\n\t\t<\/div>\n\t\t\t\t\t\t\t<\/div>\n\t\t<\/section>\n\t\t\t\t<section class=\"elementor-section elementor-top-section elementor-element elementor-element-0999cc2 elementor-section-boxed elementor-section-height-default elementor-section-height-default\" data-id=\"0999cc2\" data-element_type=\"section\" data-settings=\"{&quot;background_background&quot;:&quot;classic&quot;}\">\n\t\t\t\t\t\t<div class=\"elementor-container elementor-column-gap-default\">\n\t\t\t\t\t<div class=\"elementor-column elementor-col-100 elementor-top-column elementor-element elementor-element-353ecc6\" data-id=\"353ecc6\" data-element_type=\"column\">\n\t\t\t<div class=\"elementor-widget-wrap elementor-element-populated\">\n\t\t\t\t\t\t\t\t<div class=\"elementor-element elementor-element-88d3576 elementor-widget elementor-widget-heading\" data-id=\"88d3576\" data-element_type=\"widget\" data-widget_type=\"heading.default\">\n\t\t\t\t<div class=\"elementor-widget-container\">\n\t\t\t<h2 class=\"elementor-heading-title elementor-size-default\">Mit lehet tenni, ha a NAV vizsg\u00e1l\u00f3dik\u2026<\/h2>\t\t<\/div>\n\t\t\t\t<\/div>\n\t\t\t\t<div class=\"elementor-element elementor-element-1f51c65 elementor-widget-divider--view-line elementor-widget elementor-widget-divider\" data-id=\"1f51c65\" data-element_type=\"widget\" data-widget_type=\"divider.default\">\n\t\t\t\t<div class=\"elementor-widget-container\">\n\t\t\t\t\t<div class=\"elementor-divider\">\n\t\t\t<span class=\"elementor-divider-separator\">\n\t\t\t\t\t\t<\/span>\n\t\t<\/div>\n\t\t\t\t<\/div>\n\t\t\t\t<\/div>\n\t\t\t\t<div class=\"elementor-element elementor-element-db0ced5 elementor-widget elementor-widget-text-editor\" data-id=\"db0ced5\" data-element_type=\"widget\" data-widget_type=\"text-editor.default\">\n\t\t\t\t<div class=\"elementor-widget-container\">\n\t\t\t<style>\/*! elementor - v3.6.2 - 04-04-2022 *\/\n.elementor-widget-text-editor.elementor-drop-cap-view-stacked .elementor-drop-cap{background-color:#818a91;color:#fff}.elementor-widget-text-editor.elementor-drop-cap-view-framed .elementor-drop-cap{color:#818a91;border:3px solid;background-color:transparent}.elementor-widget-text-editor:not(.elementor-drop-cap-view-default) .elementor-drop-cap{margin-top:8px}.elementor-widget-text-editor:not(.elementor-drop-cap-view-default) .elementor-drop-cap-letter{width:1em;height:1em}.elementor-widget-text-editor .elementor-drop-cap{float:left;text-align:center;line-height:1;font-size:50px}.elementor-widget-text-editor .elementor-drop-cap-letter{display:inline-block}<\/style>\t\t\t\t<p>A mai v\u00e1ls\u00e1g s\u00falytotta gazdas\u00e1gi helyzetben, gyakori jelens\u00e9g, hogy a gazdas\u00e1gi t\u00e1rsas\u00e1gok kev\u00e9sb\u00e9 k\u00e9pesek ad\u00f3z\u00e1si k\u00f6telezetts\u00e9geiknek eleget tenni. Az Ad\u00f3hat\u00f3s\u00e1g ellen\u0151rz\u00e9si elj\u00e1r\u00e1sa sor\u00e1n felt\u00e1rt hi\u00e1nyoss\u00e1gok k\u00f6vetkezt\u00e9ben ad\u00f3hi\u00e1nyt \u00e1llap\u00edthat meg, ad\u00f3b\u00edrs\u00e1got szabhat ki, \u00e9s p\u00f3tl\u00e9kfizet\u00e9st \u00e1llap\u00edthat meg.\u00a0<\/p><p>Milyen jogai vannak az ad\u00f3z\u00f3nak az ellen\u0151rz\u00e9si elj\u00e1r\u00e1sban ?<\/p><p>Az ad\u00f3z\u00f3 jogosult az ellen\u0151rz\u00e9st v\u00e9gz\u0151 szem\u00e9lyazonoss\u00e1g\u00e1r\u00f3l \u00e9s megb\u00edz\u00e1s\u00e1r\u00f3l meggy\u0151z\u0151dni, az ellen\u0151rz\u00e9si cselekm\u00e9nyekn\u00e9l jelen lenni, megfelel\u0151 k\u00e9pviseletr\u0151l gondoskodni.<\/p><p>Az ad\u00f3z\u00f3nak joga van a keletkezett iratokba betekinteni, a meg\u00e1llap\u00edt\u00e1sokkal kapcsolatban felvil\u00e1gos\u00edt\u00e1st k\u00e9rni, azokra \u00e9szrev\u00e9telt tenni, bizony\u00edt\u00e1si ind\u00edtv\u00e1nyokat el\u0151terjeszteni, a jegyz\u0151k\u00f6nyvet megismerni, \u00e9s a jegyz\u0151k\u00f6nyv \u00e1tad\u00e1s\u00e1t, k\u00e9zbes\u00edt\u00e9s\u00e9t k\u00f6vet\u0151 15 napon bel\u00fcl \u00e9szrev\u00e9telt tenni.<\/p><p>Ugyanakkor az ad\u00f3z\u00f3 k\u00f6teles az ad\u00f3hat\u00f3s\u00e1ggal az ellen\u0151rz\u00e9s sor\u00e1n egy\u00fcttm\u0171k\u00f6dni, az ellen\u0151rz\u00e9s felt\u00e9teleit a helysz\u00edni ellen\u0151rz\u00e9s alkalm\u00e1val biztos\u00edtani. Ha az ad\u00f3z\u00f3t ad\u00f3mentess\u00e9g, ad\u00f3kedvezm\u00e9ny illeti meg, ezt okirattal vagy m\u00e1s megfelel\u0151 m\u00f3don k\u00f6teles bizony\u00edtani.<\/p><p>Mit tehet a t\u00e1rsas\u00e1g, ha a NAV vizsg\u00e1lata ut\u00e1ni meg\u00e1llap\u00edt\u00e1sait jegyz\u0151k\u00f6nyvben foglalta \u00f6ssze, amely alapj\u00e1n ad\u00f3hi\u00e1nyt \u00e1llap\u00edtott meg \u00e9s hat\u00f3s\u00e1gi elj\u00e1r\u00e1s megind\u00edt\u00e1s\u00e1nak van helye ?<\/p><p>C\u00e9lszer\u0171 a jegyz\u0151k\u00f6nyvet jogi szempontb\u00f3l alaposan megvizsg\u00e1lni jogi szakemberrel \u00e9s r\u00e1 15 napon bel\u00fcl \u00e9szrev\u00e9telt tenni. \u00c9rdemes \u00e9lni a fent eml\u00edtett lehet\u0151s\u00e9gekkel.<\/p><p>Az ellen\u0151rz\u00e9s sor\u00e1n a t\u00e9ny\u00e1ll\u00e1st az ad\u00f3hat\u00f3s\u00e1g k\u00f6teles tiszt\u00e1zni \u00e9s bizony\u00edtani, kiv\u00e9ve, ha t\u00f6rv\u00e9ny a bizony\u00edt\u00e1st az ad\u00f3z\u00f3 k\u00f6telezetts\u00e9g\u00e9v\u00e9 teszi.<\/p><p>\u00d6nmag\u00e1ban kisebb ellentmond\u00e1sok nem adnak alapot egyes gazdas\u00e1gi tev\u00e9kenys\u00e9g elv\u00e9gz\u00e9s\u00e9nek megk\u00e9rd\u0151jelez\u00e9s\u00e9re. Az ad\u00f3hat\u00f3s\u00e1gnak k\u00e9ts\u00e9get kiz\u00e1r\u00f3 bizonyoss\u00e1ggal kell igazolnia, hogy az adott gazdas\u00e1gi esem\u00e9ny nem t\u00f6rt\u00e9nt meg.<\/p>\t\t\t\t\t\t<\/div>\n\t\t\t\t<\/div>\n\t\t\t\t\t<\/div>\n\t\t<\/div>\n\t\t\t\t\t\t\t<\/div>\n\t\t<\/section>\n\t\t\t\t\t\t\t<\/div>\n\t\t","protected":false},"excerpt":{"rendered":"<p>Mit lehet tenni, ha a NAV vizsg\u00e1l\u00f3dik Mi t\u00f6rt\u00e9nik, ha szab\u00e1lys\u00e9rt\u00e9si elj\u00e1r\u00e1s r\u00e9szese lesz?? \u00daj \u00e9p\u00edt\u00e9s\u0171 ingatlanok kivitelez\u00e9si hib\u00e1inak jogk\u00f6vetkezm\u00e9nyeir\u0151l X Lak\u00f3h\u00e1z \u00e9p\u00edt\u00e9s\u00e9re alkalmas telektulajdon ut\u00e1ni illet\u00e9kkedvezm\u00e9ny Ingatlanforgalmaz\u00f3kat megillet\u0151 2 %-os illet\u00e9kkedvezm\u00e9nyr\u0151l Ha fizet a biztos\u00edt\u00f3, de keveset X Mit lehet tenni, ha a NAV vizsg\u00e1l\u00f3dik Jogorvoslatok, ad\u00f3m\u00e9rs\u00e9kl\u00e9s, jogok \u00e9s k\u00f6telezetts\u00e9gek Mit lehet tenni, ha [&hellip;]<\/p>\n","protected":false},"author":1,"featured_media":0,"parent":0,"menu_order":0,"comment_status":"closed","ping_status":"closed","template":"elementor_header_footer","meta":{"footnotes":""},"class_list":["post-510","page","type-page","status-publish","hentry","wpbf-post"],"_links":{"self":[{"href":"https:\/\/lajoie.hu\/law\/wp-json\/wp\/v2\/pages\/510","targetHints":{"allow":["GET"]}}],"collection":[{"href":"https:\/\/lajoie.hu\/law\/wp-json\/wp\/v2\/pages"}],"about":[{"href":"https:\/\/lajoie.hu\/law\/wp-json\/wp\/v2\/types\/page"}],"author":[{"embeddable":true,"href":"https:\/\/lajoie.hu\/law\/wp-json\/wp\/v2\/users\/1"}],"replies":[{"embeddable":true,"href":"https:\/\/lajoie.hu\/law\/wp-json\/wp\/v2\/comments?post=510"}],"version-history":[{"count":23,"href":"https:\/\/lajoie.hu\/law\/wp-json\/wp\/v2\/pages\/510\/revisions"}],"predecessor-version":[{"id":643,"href":"https:\/\/lajoie.hu\/law\/wp-json\/wp\/v2\/pages\/510\/revisions\/643"}],"wp:attachment":[{"href":"https:\/\/lajoie.hu\/law\/wp-json\/wp\/v2\/media?parent=510"}],"curies":[{"name":"wp","href":"https:\/\/api.w.org\/{rel}","templated":true}]}}